{"id":11188,"date":"2025-02-14T12:47:15","date_gmt":"2025-02-14T11:47:15","guid":{"rendered":"https:\/\/dev24.credoplanning.com\/?page_id=11188"},"modified":"2025-06-02T19:48:44","modified_gmt":"2025-06-02T17:48:44","slug":"gestion-postes-et-activites","status":"publish","type":"page","link":"https:\/\/credoplanning.com\/fr\/gestion-postes-et-activites\/","title":{"rendered":"Gestion des postes et activit\u00e9s"},"content":{"rendered":"<div data-elementor-type=\"wp-page\" data-elementor-id=\"11188\" class=\"elementor elementor-11188\">\n\t\t\t\t<div class=\"elementor-element elementor-element-12d4c2ad e-flex e-con-boxed e-con e-parent\" data-id=\"12d4c2ad\" data-element_type=\"container\" data-core-v316-plus=\"true\">\n\t\t\t\t\t<div class=\"e-con-inner\">\n\t\t\t\t<div class=\"elementor-element elementor-element-23cfe0ac elementor-widget elementor-widget-heading\" data-id=\"23cfe0ac\" data-element_type=\"widget\" data-widget_type=\"heading.default\">\n\t\t\t\t<div class=\"elementor-widget-container\">\n\t\t\t<style>\/*! elementor - v3.20.0 - 26-03-2024 *\/\n.elementor-heading-title{padding:0;margin:0;line-height:1}.elementor-widget-heading .elementor-heading-title[class*=elementor-size-]>a{color:inherit;font-size:inherit;line-height:inherit}.elementor-widget-heading .elementor-heading-title.elementor-size-small{font-size:15px}.elementor-widget-heading .elementor-heading-title.elementor-size-medium{font-size:19px}.elementor-widget-heading .elementor-heading-title.elementor-size-large{font-size:29px}.elementor-widget-heading .elementor-heading-title.elementor-size-xl{font-size:39px}.elementor-widget-heading .elementor-heading-title.elementor-size-xxl{font-size:59px}<\/style><h2 class=\"elementor-heading-title elementor-size-default\">Fonctions Expert<\/h2>\t\t<\/div>\n\t\t\t\t<\/div>\n\t\t\t\t\t<\/div>\n\t\t\t\t<\/div>\n\t\t<div class=\"elementor-element elementor-element-f6611f e-flex e-con-boxed e-con e-parent\" data-id=\"f6611f\" data-element_type=\"container\" data-core-v316-plus=\"true\">\n\t\t\t\t\t<div class=\"e-con-inner\">\n\t\t\t\t<div class=\"elementor-element elementor-element-1731ec54 elementor-widget elementor-widget-ct_heading\" data-id=\"1731ec54\" data-element_type=\"widget\" data-widget_type=\"ct_heading.default\">\n\t\t\t\t<div class=\"elementor-widget-container\">\n\t\t\t<div id=\"ct_heading-1731ec54\" class=\"ct-heading h-align- item-st-default highlight-style1\">\r\n  <div class=\"ct-heading--inner\"> \r\n    <div class=\"ct-inline-css\"  data-css=\"                                \">\r\n    <\/div>\r\n  \r\n\t    <h3 class=\"item--title st-default\" data-wow-delay=\"ms\">\r\n        <span class=\"ct-text-inner\">G\u00e9rer l&#8217;ensemble du planning de la biblioth\u00e8que<\/span>    <\/h3>\r\n  <\/div>\r\n<\/div>\r\n\t\t<\/div>\n\t\t\t\t<\/div>\n\t\t\t\t\t<\/div>\n\t\t\t\t<\/div>\n\t\t<div class=\"elementor-element elementor-element-37353874 e-flex e-con-boxed e-con e-parent\" data-id=\"37353874\" data-element_type=\"container\" data-core-v316-plus=\"true\">\n\t\t\t\t\t<div class=\"e-con-inner\">\n\t\t\t\t<div class=\"elementor-element elementor-element-18c078ac elementor-widget elementor-widget-text-editor\" data-id=\"18c078ac\" data-element_type=\"widget\" data-widget_type=\"text-editor.default\">\n\t\t\t\t<div class=\"elementor-widget-container\">\n\t\t\t<style>\/*! elementor - v3.20.0 - 26-03-2024 *\/\n.elementor-widget-text-editor.elementor-drop-cap-view-stacked .elementor-drop-cap{background-color:#69727d;color:#fff}.elementor-widget-text-editor.elementor-drop-cap-view-framed .elementor-drop-cap{color:#69727d;border:3px solid;background-color:transparent}.elementor-widget-text-editor:not(.elementor-drop-cap-view-default) .elementor-drop-cap{margin-top:8px}.elementor-widget-text-editor:not(.elementor-drop-cap-view-default) .elementor-drop-cap-letter{width:1em;height:1em}.elementor-widget-text-editor .elementor-drop-cap{float:left;text-align:center;line-height:1;font-size:50px}.elementor-widget-text-editor .elementor-drop-cap-letter{display:inline-block}<\/style>\t\t\t\t<p>CredoPlanning vous permet d\u2019int\u00e9grer les postes, les actions culturelles ou les activit\u00e9s internes \u00e0 votre planning centralis\u00e9. Vous pouvez avoir une vision \u00e0 360\u00b0 de l\u2019ensemble des t\u00e2ches qui impactent le planning des agents.<\/p><p>Organiser tout le planning de la biblioth\u00e8que. Tout simplement.\u00a0<\/p>\t\t\t\t\t\t<\/div>\n\t\t\t\t<\/div>\n\t\t\t\t\t<\/div>\n\t\t\t\t<\/div>\n\t\t        <section class=\"elementor-section elementor-top-section elementor-element elementor-element-77884f48 ct-row-scroll-fixed ct-column-order elementor-section-boxed elementor-section-height-default elementor-section-height-default ct-header-fixed-none ct-row-gradient--none\" data-id=\"77884f48\" data-element_type=\"section\">\n            \n                        <div class=\"elementor-container elementor-column-gap-extended\">\n                    <div class=\"elementor-column elementor-col-50 elementor-top-column elementor-element elementor-element-438aa4f7 ct-column-sticky col-offset-none col-color-offset-none\" data-id=\"438aa4f7\" data-element_type=\"column\">\n        <div class=\"elementor-widget-wrap elementor-element-populated\">\n                    \n        \t\t<div class=\"elementor-element elementor-element-7bfd356a elementor-widget elementor-widget-ct_link\" data-id=\"7bfd356a\" data-element_type=\"widget\" data-widget_type=\"ct_link.default\">\n\t\t\t\t<div class=\"elementor-widget-container\">\n\t\t\t    <div class=\"ct-link1 style1\">\r\n        <ul class=\"ct-link-items\">\r\n                                <li>\r\n                        <a href=\"https:\/\/credoplanning.com\/fr\/gestion-postes-et-activites\/\">\r\n                                                        Gestion des postes & activit\u00e9s                        <\/a>\r\n                    <\/li>\r\n                                <li>\r\n                        <a href=\"https:\/\/credoplanning.com\/fr\/utilisation-de-modeles\/\">\r\n                                                        Utilisation de mod\u00e8les                        <\/a>\r\n                    <\/li>\r\n                                <li>\r\n                        <a href=\"https:\/\/credoplanning.com\/fr\/pause-meridienne\/\">\r\n                                                        Pause m\u00e9ridienne                        <\/a>\r\n                    <\/li>\r\n                                <li>\r\n                        <a href=\"https:\/\/credoplanning.com\/fr\/gestion-espaces\/\">\r\n                                                        Gestion des espaces                        <\/a>\r\n                    <\/li>\r\n                    <\/ul>\r\n    <\/div>\r\n\t\t<\/div>\n\t\t\t\t<\/div>\n\t\t\t\t<div class=\"elementor-element elementor-element-0ea5ed7 elementor-widget elementor-widget-image\" data-id=\"0ea5ed7\" data-element_type=\"widget\" data-widget_type=\"image.default\">\n\t\t\t\t<div class=\"elementor-widget-container\">\n\t\t\t<style>\/*! elementor - v3.20.0 - 26-03-2024 *\/\n.elementor-widget-image{text-align:center}.elementor-widget-image a{display:inline-block}.elementor-widget-image a img[src$=\".svg\"]{width:48px}.elementor-widget-image img{vertical-align:middle;display:inline-block}<\/style>\t\t\t\t\t\t\t\t\t\t<img fetchpriority=\"high\" decoding=\"async\" width=\"604\" height=\"355\" src=\"https:\/\/credoplanning.com\/wp-content\/uploads\/2025\/03\/X1-gestion-postes.png\" class=\"attachment-large size-large wp-image-11659\" alt=\"\" srcset=\"https:\/\/credoplanning.com\/wp-content\/uploads\/2025\/03\/X1-gestion-postes.png 604w, https:\/\/credoplanning.com\/wp-content\/uploads\/2025\/03\/X1-gestion-postes-300x176.png 300w, https:\/\/credoplanning.com\/wp-content\/uploads\/2025\/03\/X1-gestion-postes-18x12.png 18w, https:\/\/credoplanning.com\/wp-content\/uploads\/2025\/03\/X1-gestion-postes-600x353.png 600w\" sizes=\"(max-width: 604px) 100vw, 604px\" \/>\t\t\t\t\t\t\t\t\t\t\t\t\t<\/div>\n\t\t\t\t<\/div>\n\t\t\t\t<div class=\"elementor-element elementor-element-3186bce3 elementor-align-center elementor-widget elementor-widget-ct_button\" data-id=\"3186bce3\" data-element_type=\"widget\" data-widget_type=\"ct_button.default\">\n\t\t\t\t<div class=\"elementor-widget-container\">\n\t\t\t<div id=\"ct_button-3186bce3\" class=\"ct-button-wrapper ct-button-layout1\">\r\n    <div class=\"ct-inline-css\"  data-css=\"        \">\r\n    <\/div>\r\n\r\n            <span class=\"ct-icon-active\"><\/span>\r\n        <a href=\"https:\/\/credoplanning.com\/fr\/demo\/\" class=\"btn btn-default  icon-ps-\" data-wow-delay=\"ms\">\r\n                            <span class=\"ct-button-icon ct-icon-normal ct-align-icon-\">\r\n                            <\/span>\r\n                <span class=\"ct-button-text\">\r\n                     DEMANDER   UNE   DEMO        <\/span>\r\n    <\/a>\r\n<\/div>\t\t<\/div>\n\t\t\t\t<\/div>\n\t\t            <\/div>\n        <\/div>\n                <div class=\"elementor-column elementor-col-50 elementor-top-column elementor-element elementor-element-371c6bb7 ct-column-none col-offset-none col-color-offset-none\" data-id=\"371c6bb7\" data-element_type=\"column\">\n        <div class=\"elementor-widget-wrap elementor-element-populated\">\n                    \n        \t\t<div class=\"elementor-element elementor-element-11a95add elementor-widget elementor-widget-ct_heading\" data-id=\"11a95add\" data-element_type=\"widget\" data-widget_type=\"ct_heading.default\">\n\t\t\t\t<div class=\"elementor-widget-container\">\n\t\t\t<div id=\"ct_heading-11a95add\" class=\"ct-heading h-align- item-st-default highlight-style1\">\r\n  <div class=\"ct-heading--inner\"> \r\n    <div class=\"ct-inline-css\"  data-css=\"                                \">\r\n    <\/div>\r\n  \r\n\t    <h3 class=\"item--title st-default\" data-wow-delay=\"ms\">\r\n        <span class=\"ct-text-inner\">Gestion des postes\/activit\u00e9s<\/span>    <\/h3>\r\n  <\/div>\r\n<\/div>\r\n\t\t<\/div>\n\t\t\t\t<\/div>\n\t\t\t\t<div class=\"elementor-element elementor-element-2170c681 elementor-widget elementor-widget-ct_image\" data-id=\"2170c681\" data-element_type=\"widget\" data-widget_type=\"ct_image.default\">\n\t\t\t\t<div class=\"elementor-widget-container\">\n\t\t\t<div class=\"ct-image-single ct-no-effect\" data-width=\"\" data-height=\"\" data-wow-delay=\"ms\">\r\n            <div class=\"ct-image-single--inner\">\r\n                            <img decoding=\"async\" class=\"no-lazyload img-main\" src=\"https:\/\/credoplanning.com\/wp-content\/uploads\/2025\/02\/a-photo-of-a-modern-well-lit-municipal-l_kHmJsJo2Tu6eLjfZoYcHKQ_YOicnjMcQ4KFdpIUJGHO3w-1000x570.jpeg\" width=\"1000\" height=\"570\" alt=\"a-photo-of-a-modern-well-lit-municipal-l_kHmJsJo2Tu6eLjfZoYcHKQ_YOicnjMcQ4KFdpIUJGHO3w\" title=\"a-photo-of-a-modern-well-lit-municipal-l_kHmJsJo2Tu6eLjfZoYcHKQ_YOicnjMcQ4KFdpIUJGHO3w\" \/>                    <\/div>\r\n    <\/div>\t\t<\/div>\n\t\t\t\t<\/div>\n\t\t\t\t<div class=\"elementor-element elementor-element-49fbef2c elementor-widget elementor-widget-ct_text_editor\" data-id=\"49fbef2c\" data-element_type=\"widget\" data-widget_type=\"ct_text_editor.default\">\n\t\t\t\t<div class=\"elementor-widget-container\">\n\t\t\t<div id=\"ct_text_editor-49fbef2c\" class=\"ct-text-editor\" data-wow-delay=\"ms\">\n\t<div class=\"ct-item--inner\">\n\t\t<div class=\"ct-inline-css\"  data-css=\"\t        \t\t\t\">\n\n\t    <\/div>\n\t\t<div class=\"ct-text-editor elementor-clearfix\">\n\t\t\t<p>Cette fonctionnalit\u00e9 Expert de CredoPlanning\u00a0 vous permet de g\u00e9rer aussi le planning des activit\u00e9s et des salles\/lieux d&#8217;activit\u00e9 de votre Biblioth\u00e8que-M\u00e9diath\u00e8que .\u00a0<\/p><p>Avec cette fonction Expert, vous g\u00e9rez UN seul planning pour l\u2019accueil et les activit\u00e9s.<\/p><p><strong>D\u00e9couvrez vite cette fonctionnalit\u00e9 Expert !<\/strong><\/p>\t\t\n\t\t<\/div>\n\t<\/div>\n<\/div>\t\t<\/div>\n\t\t\t\t<\/div>\n\t\t            <\/div>\n        <\/div>\n                    <\/div>\n        <\/section>\n        <div class=\"elementor-element elementor-element-01b7074 e-flex e-con-boxed e-con e-parent\" data-id=\"01b7074\" data-element_type=\"container\" data-core-v316-plus=\"true\">\n\t\t\t\t\t<div class=\"e-con-inner\">\n\t\t\t\t<div class=\"elementor-element elementor-element-5ef3e1c elementor-widget elementor-widget-ct_fancy_box\" data-id=\"5ef3e1c\" data-element_type=\"widget\" data-widget_type=\"ct_fancy_box.default\">\n\t\t\t\t<div class=\"elementor-widget-container\">\n\t\t\t<div id=\"ct_fancy_box-5ef3e1c\" class=\"ct-fancy-box ct-fancy-box-layout1  style1\" data-wow-delay=\"ms\">\r\n    <div class=\"ct-inline-css\"  data-css=\"                    #ct_fancy_box-5ef3e1c.ct-fancy-box .item--icon i {                background-image: -webkit-gradient(linear, left top, right top, from(#08CFFF), to(#0B56DB));                background-image: -webkit-linear-gradient(to left, #08CFFF, #0B56DB);                background-image: -moz-linear-gradient(to left, #08CFFF, #0B56DB);                background-image: -ms-linear-gradient(to left, #08CFFF, #0B56DB);                background-image: -o-linear-gradient(to left, #08CFFF, #0B56DB);                background-image: linear-gradient(to left, #08CFFF, #0B56DB);                filter: progid:DXImageTransform.Microsoft.gradient(startColorStr='#08CFFF', endColorStr='#0B56DB', gradientType='1');                background-color: transparent !important;            }        \">\r\n    <\/div>\r\n    <div class=\"item--inner\">\r\n                    <div class=\"item--icon\">\r\n                <i aria-hidden=\"true\" class=\"flaticon flaticon-expert\"><\/i>            <\/div>\r\n                        <div class=\"item--meta\">\r\n            <h4 class=\"item--title\">\r\n                CredoPlanning Expert, vos avantages                         <\/h4>\r\n            <div class=\"item--description\"><\/div>\r\n        <\/div>\r\n    <\/div>\r\n<\/div>\t\t<\/div>\n\t\t\t\t<\/div>\n\t\t\t\t<div class=\"elementor-element elementor-element-265d40f elementor-widget elementor-widget-ct_tabs\" data-id=\"265d40f\" data-element_type=\"widget\" data-widget_type=\"ct_tabs.default\">\n\t\t\t\t<div class=\"elementor-widget-container\">\n\t\t\t<div class=\"ct-tabs ct-tabs3  content-type-text_editor\" data-wow-delay=\"ms\">\n    <div class=\"ct-tabs--main\">\n        <div class=\"ct-tabs-title\">\n                            <span class=\"ct-tab-title active\" data-target=\"#ct_tabs-265d40f-4de41b2\">\n                    <i aria-hidden=\"true\" class=\"fas fa-pencil-alt\"><\/i>                                        Personnalis\u00e9        \n                <\/span>\n                            <span class=\"ct-tab-title\" data-target=\"#ct_tabs-265d40f-c02906a\">\n                    <i aria-hidden=\"true\" class=\"fas fa-lightbulb\"><\/i>                                        Evolu\u00e9        \n                <\/span>\n                            <span class=\"ct-tab-title\" data-target=\"#ct_tabs-265d40f-3999b1c\">\n                    <i aria-hidden=\"true\" class=\"flaticon flaticon-compliance\"><\/i>                                        S\u00e9curis\u00e9        \n                <\/span>\n                            <span class=\"ct-tab-title\" data-target=\"#ct_tabs-265d40f-88683a0\">\n                    <i aria-hidden=\"true\" class=\"flaticon flaticon-telephone-call\"><\/i>                                        Support\u00e9        \n                <\/span>\n                    <\/div>\n\n        <div class=\"ct-tabs-content\">\n                            <div class=\"ct-tab-content\" id=\"ct_tabs-265d40f-4de41b2\" style=\"display:block;\"><p>CredoPlanning s'adapte \u00e0 vous (et pas l'inverse!)<\/p><p>Vous configurez facilement votre environnement CredoPlanning. Selon vos go\u00fbts et vos couleurs, vos besoins et vos sp\u00e9cificit\u00e9s, vos contraintes et vos marges de man\u0153uvre, vous obtenez l'interface qui vous ressemble. Unique. Comme vous.<\/p><p>\u00a0<\/p><\/div>\n                            <div class=\"ct-tab-content\" id=\"ct_tabs-265d40f-c02906a\"><p>CredoPlanning, un assistant intelligent \u00e0 votre service<\/p><p>L'aide \u00e0 la d\u00e9cision est une fonction unique de CredoPlanning qui vous appuie et vous fait gagner beaucoup de temps. Vous d\u00e9cidez plus vite parmi des choix -<em>r\u00e9alistes<\/em> et <em>pertinents<\/em>- qui vous sont automatiquement propos\u00e9s.\u00a0<\/p><\/div>\n                            <div class=\"ct-tab-content\" id=\"ct_tabs-265d40f-3999b1c\"><p>CredoPlanning prend soin de vos donn\u00e9es<\/p><p>Vos donn\u00e9es sont prot\u00e9g\u00e9es dans CredoPlanning. Chaque acc\u00e8s \u00e0 l'outil est trac\u00e9, historis\u00e9 et prot\u00e9g\u00e9 par un mot de passe.\u00a0 \u00a0\u00a0<\/p><\/div>\n                            <div class=\"ct-tab-content\" id=\"ct_tabs-265d40f-88683a0\"><p>Avec CredoPlanning, le support est compris.<\/p><p>Vous ne serez jamais seul(e). Pour vous former, pour d\u00e9buter ou pour utiliser l'outil au quotidien, notre service de support et d'accompagnement personnalis\u00e9 se tient se tient \u00e0 vos c\u00f4t\u00e9s.\u00a0<\/p><\/div>\n                    <\/div>\n    <\/div>\n<\/div>\t\t<\/div>\n\t\t\t\t<\/div>\n\t\t\t\t\t<\/div>\n\t\t\t\t<\/div>\n\t\t\t\t<\/div>","protected":false},"excerpt":{"rendered":"<p>Fonctions Expert G\u00e9rer l&rsquo;ensemble du planning de la biblioth\u00e8que CredoPlanning vous permet d\u2019int\u00e9grer les postes, les actions culturelles ou les activit\u00e9s internes \u00e0 votre planning centralis\u00e9. Vous pouvez avoir une vision \u00e0 360\u00b0 de l\u2019ensemble des t\u00e2ches qui impactent le planning des agents. Organiser tout le planning de la biblioth\u00e8que. Tout simplement.\u00a0 Gestion des postes [&hellip;]<\/p>","protected":false},"author":2,"featured_media":0,"parent":0,"menu_order":0,"comment_status":"closed","ping_status":"closed","template":"","meta":{"footnotes":""},"class_list":["post-11188","page","type-page","status-publish","hentry"],"_links":{"self":[{"href":"https:\/\/credoplanning.com\/fr\/wp-json\/wp\/v2\/pages\/11188"}],"collection":[{"href":"https:\/\/credoplanning.com\/fr\/wp-json\/wp\/v2\/pages"}],"about":[{"href":"https:\/\/credoplanning.com\/fr\/wp-json\/wp\/v2\/types\/page"}],"author":[{"embeddable":true,"href":"https:\/\/credoplanning.com\/fr\/wp-json\/wp\/v2\/users\/2"}],"replies":[{"embeddable":true,"href":"https:\/\/credoplanning.com\/fr\/wp-json\/wp\/v2\/comments?post=11188"}],"version-history":[{"count":40,"href":"https:\/\/credoplanning.com\/fr\/wp-json\/wp\/v2\/pages\/11188\/revisions"}],"predecessor-version":[{"id":11915,"href":"https:\/\/credoplanning.com\/fr\/wp-json\/wp\/v2\/pages\/11188\/revisions\/11915"}],"wp:attachment":[{"href":"https:\/\/credoplanning.com\/fr\/wp-json\/wp\/v2\/media?parent=11188"}],"curies":[{"name":"wp","href":"https:\/\/api.w.org\/{rel}","templated":true}]}}